{"id":13991,"date":"2022-06-07T13:38:09","date_gmt":"2022-06-07T09:38:09","guid":{"rendered":"https:\/\/formaterra.re\/?page_id=13991"},"modified":"2022-06-07T13:42:15","modified_gmt":"2022-06-07T09:42:15","slug":"prerad-oi","status":"publish","type":"page","link":"https:\/\/formaterra.re\/index.php\/cooperation-internationale\/prerad-oi\/","title":{"rendered":"PR\u00e9RAD-OI"},"content":{"rendered":"\t\t<div data-elementor-type=\"wp-page\" data-elementor-id=\"13991\" class=\"elementor elementor-13991\">\n\t\t\t\t\t\t<section class=\"elementor-section elementor-top-section elementor-element elementor-element-3bd3ba68 elementor-section-boxed elementor-section-height-default elementor-section-height-default\" data-id=\"3bd3ba68\" data-element_type=\"section\">\n\t\t\t\t\t\t<div class=\"elementor-container elementor-column-gap-default\">\n\t\t\t\t\t<div class=\"elementor-column elementor-col-100 elementor-top-column elementor-element elementor-element-122ee330\" data-id=\"122ee330\" data-element_type=\"column\">\n\t\t\t<div class=\"elementor-widget-wrap elementor-element-populated\">\n\t\t\t\t\t\t<div class=\"elementor-element elementor-element-6d6b744 elementor-widget elementor-widget-text-editor\" data-id=\"6d6b744\" data-element_type=\"widget\" data-widget_type=\"text-editor.default\">\n\t\t\t\t<div class=\"elementor-widget-container\">\n\t\t\t\t\t\t\t<!-- wp:themeisle-blocks\/advanced-columns {\"id\":\"wp-block-themeisle-blocks-advanced-columns-0676e710\"} -->\n<div class=\"wp-block-themeisle-blocks-advanced-columns has-undefined-columns has-desktop-undefined-layout has-tablet-equal-layout has-mobile-equal-layout has-default-gap has-vertical-unset\" id=\"wp-block-themeisle-blocks-advanced-columns-0676e710\"><div class=\"wp-block-themeisle-blocks-advanced-columns-overlay\"><\/div><div class=\"innerblocks-wrap\"><\/div><\/div>\n<!-- \/wp:themeisle-blocks\/advanced-columns -->\t\t\t\t\t\t<\/div>\n\t\t\t\t<\/div>\n\t\t\t\t\t<\/div>\n\t\t<\/div>\n\t\t\t\t\t<\/div>\n\t\t<\/section>\n\t\t\t\t<section class=\"elementor-section elementor-top-section elementor-element elementor-element-12929c8f elementor-section-boxed elementor-section-height-default elementor-section-height-default\" data-id=\"12929c8f\" data-element_type=\"section\">\n\t\t\t\t\t\t<div class=\"elementor-container elementor-column-gap-default\">\n\t\t\t\t\t<div class=\"elementor-column elementor-col-100 elementor-top-column elementor-element elementor-element-5e914d6f\" data-id=\"5e914d6f\" data-element_type=\"column\">\n\t\t\t<div class=\"elementor-widget-wrap elementor-element-populated\">\n\t\t\t\t\t\t<div class=\"elementor-element elementor-element-b1fc82b elementor-widget elementor-widget-spacer\" data-id=\"b1fc82b\" data-element_type=\"widget\" data-widget_type=\"spacer.default\">\n\t\t\t\t<div class=\"elementor-widget-container\">\n\t\t\t\t\t<div class=\"elementor-spacer\">\n\t\t\t<div class=\"elementor-spacer-inner\"><\/div>\n\t\t<\/div>\n\t\t\t\t<\/div>\n\t\t\t\t<\/div>\n\t\t\t\t\t<\/div>\n\t\t<\/div>\n\t\t\t\t\t<\/div>\n\t\t<\/section>\n\t\t\t\t<section class=\"elementor-section elementor-top-section elementor-element elementor-element-6df87e86 elementor-section-boxed elementor-section-height-default elementor-section-height-default\" data-id=\"6df87e86\" data-element_type=\"section\">\n\t\t\t\t\t\t<div class=\"elementor-container elementor-column-gap-default\">\n\t\t\t\t\t<div class=\"elementor-column elementor-col-100 elementor-top-column elementor-element elementor-element-5b289ee7\" data-id=\"5b289ee7\" data-element_type=\"column\">\n\t\t\t<div class=\"elementor-widget-wrap elementor-element-populated\">\n\t\t\t\t\t\t<div class=\"elementor-element elementor-element-41a3a16d elementor-widget elementor-widget-image\" data-id=\"41a3a16d\" data-element_type=\"widget\" data-widget_type=\"image.default\">\n\t\t\t\t<div class=\"elementor-widget-container\">\n\t\t\t\t\t\t\t\t\t\t\t\t\t<img decoding=\"async\" width=\"300\" height=\"110\" src=\"https:\/\/formaterra.re\/wp-content\/uploads\/2022\/06\/Logo_Prerad_OI_2500-px-1-300x110.png\" class=\"attachment-medium size-medium wp-image-13993\" alt=\"\" srcset=\"https:\/\/formaterra.re\/wp-content\/uploads\/2022\/06\/Logo_Prerad_OI_2500-px-1-300x110.png 300w, https:\/\/formaterra.re\/wp-content\/uploads\/2022\/06\/Logo_Prerad_OI_2500-px-1-1024x376.png 1024w, https:\/\/formaterra.re\/wp-content\/uploads\/2022\/06\/Logo_Prerad_OI_2500-px-1-768x282.png 768w, https:\/\/formaterra.re\/wp-content\/uploads\/2022\/06\/Logo_Prerad_OI_2500-px-1-1536x564.png 1536w, https:\/\/formaterra.re\/wp-content\/uploads\/2022\/06\/Logo_Prerad_OI_2500-px-1-2048x752.png 2048w\" sizes=\"(max-width: 300px) 100vw, 300px\" \/>\t\t\t\t\t\t\t\t\t\t\t\t\t<\/div>\n\t\t\t\t<\/div>\n\t\t\t\t\t<\/div>\n\t\t<\/div>\n\t\t\t\t\t<\/div>\n\t\t<\/section>\n\t\t\t\t<section class=\"elementor-section elementor-top-section elementor-element elementor-element-2f28caed elementor-section-boxed elementor-section-height-default elementor-section-height-default\" data-id=\"2f28caed\" data-element_type=\"section\">\n\t\t\t\t\t\t<div class=\"elementor-container elementor-column-gap-default\">\n\t\t\t\t\t<div class=\"elementor-column elementor-col-100 elementor-top-column elementor-element elementor-element-5be157ec\" data-id=\"5be157ec\" data-element_type=\"column\" data-settings=\"{&quot;background_background&quot;:&quot;gradient&quot;}\">\n\t\t\t<div class=\"elementor-widget-wrap elementor-element-populated\">\n\t\t\t\t\t\t<div class=\"elementor-element elementor-element-ebc5ec9 elementor-widget elementor-widget-heading\" data-id=\"ebc5ec9\" data-element_type=\"widget\" data-widget_type=\"heading.default\">\n\t\t\t\t<div class=\"elementor-widget-container\">\n\t\t\t<h2 class=\"elementor-heading-title elementor-size-medium\">PR\u00e9RAD-OI : Plateforme R\u00e9gionale en Recherche Agronomique pour le D\u00e9veloppement dans l'Oc\u00e9an Indien <\/h2>\t\t<\/div>\n\t\t\t\t<\/div>\n\t\t\t\t\t<\/div>\n\t\t<\/div>\n\t\t\t\t\t<\/div>\n\t\t<\/section>\n\t\t\t\t<section class=\"elementor-section elementor-top-section elementor-element elementor-element-1f67a2d7 elementor-section-boxed elementor-section-height-default elementor-section-height-default\" data-id=\"1f67a2d7\" data-element_type=\"section\">\n\t\t\t\t\t\t<div class=\"elementor-container elementor-column-gap-default\">\n\t\t\t\t\t<div class=\"elementor-column elementor-col-100 elementor-top-column elementor-element elementor-element-d9a04cb\" data-id=\"d9a04cb\" data-element_type=\"column\">\n\t\t\t<div class=\"elementor-widget-wrap elementor-element-populated\">\n\t\t\t\t\t\t<div class=\"elementor-element elementor-element-52a8dd0c elementor-widget elementor-widget-spacer\" data-id=\"52a8dd0c\" data-element_type=\"widget\" data-widget_type=\"spacer.default\">\n\t\t\t\t<div class=\"elementor-widget-container\">\n\t\t\t\t\t<div class=\"elementor-spacer\">\n\t\t\t<div class=\"elementor-spacer-inner\"><\/div>\n\t\t<\/div>\n\t\t\t\t<\/div>\n\t\t\t\t<\/div>\n\t\t\t\t\t<\/div>\n\t\t<\/div>\n\t\t\t\t\t<\/div>\n\t\t<\/section>\n\t\t\t\t<section class=\"elementor-section elementor-top-section elementor-element elementor-element-31b3c78e elementor-section-boxed elementor-section-height-default elementor-section-height-default\" data-id=\"31b3c78e\" data-element_type=\"section\">\n\t\t\t\t\t\t<div class=\"elementor-container elementor-column-gap-default\">\n\t\t\t\t\t<div class=\"elementor-column elementor-col-33 elementor-top-column elementor-element elementor-element-5e381ff1\" data-id=\"5e381ff1\" data-element_type=\"column\">\n\t\t\t<div class=\"elementor-widget-wrap elementor-element-populated\">\n\t\t\t\t\t\t<div class=\"elementor-element elementor-element-421773d4 elementor-widget elementor-widget-image\" data-id=\"421773d4\" data-element_type=\"widget\" data-widget_type=\"image.default\">\n\t\t\t\t<div class=\"elementor-widget-container\">\n\t\t\t\t\t\t\t\t\t\t\t\t\t<img fetchpriority=\"high\" decoding=\"async\" width=\"2500\" height=\"918\" src=\"https:\/\/formaterra.re\/wp-content\/uploads\/2022\/06\/Logo_Prerad_OI_2500-px-1.png\" class=\"attachment-full size-full wp-image-13993\" alt=\"\" srcset=\"https:\/\/formaterra.re\/wp-content\/uploads\/2022\/06\/Logo_Prerad_OI_2500-px-1.png 2500w, https:\/\/formaterra.re\/wp-content\/uploads\/2022\/06\/Logo_Prerad_OI_2500-px-1-300x110.png 300w, https:\/\/formaterra.re\/wp-content\/uploads\/2022\/06\/Logo_Prerad_OI_2500-px-1-1024x376.png 1024w, https:\/\/formaterra.re\/wp-content\/uploads\/2022\/06\/Logo_Prerad_OI_2500-px-1-768x282.png 768w, https:\/\/formaterra.re\/wp-content\/uploads\/2022\/06\/Logo_Prerad_OI_2500-px-1-1536x564.png 1536w, https:\/\/formaterra.re\/wp-content\/uploads\/2022\/06\/Logo_Prerad_OI_2500-px-1-2048x752.png 2048w\" sizes=\"(max-width: 2500px) 100vw, 2500px\" \/>\t\t\t\t\t\t\t\t\t\t\t\t\t<\/div>\n\t\t\t\t<\/div>\n\t\t\t\t\t<\/div>\n\t\t<\/div>\n\t\t\t\t<div class=\"elementor-column elementor-col-66 elementor-top-column elementor-element elementor-element-701a62bd\" data-id=\"701a62bd\" data-element_type=\"column\">\n\t\t\t<div class=\"elementor-widget-wrap elementor-element-populated\">\n\t\t\t\t\t\t<div class=\"elementor-element elementor-element-6cd709e2 elementor-widget elementor-widget-text-editor\" data-id=\"6cd709e2\" data-element_type=\"widget\" data-widget_type=\"text-editor.default\">\n\t\t\t\t<div class=\"elementor-widget-container\">\n\t\t\t\t\t\t\t<p class=\"v1MsoNormal\">Depuis 2014, les cinq pays membres de la Commission de l&rsquo;oc\u00e9an Indien (COI) se sont dot\u00e9s d&rsquo;un outil au service de la coop\u00e9ration scientifique r\u00e9gionale dans le sud-ouest de l&rsquo;oc\u00e9an Indien, afin d&rsquo;accro\u00eetre la visibilit\u00e9 et la contribution de la recherche agricole au d\u00e9veloppement durable de la r\u00e9gion.<\/p>\n<p class=\"v1MsoNormal\">La <a href=\"https:\/\/www.prerad-oi.org\/\">PR\u00e9RAD-OI<\/a> participe ainsi \u00e0 la structuration de la recherche agronomique, au d\u00e9veloppement et \u00e0 la promotion de l&rsquo;innovation et au renforcement des capacit\u00e9s afin de r\u00e9pondre aux grands enjeux alimentaires, sanitaires et environnementaux que doivent relever nos territoires insulaires.<\/p>\n<p class=\"v1MsoNormal\">La plateforme accompagne ainsi cinq r\u00e9seaux de comp\u00e9tences\u00a0qui investissent chacun cinq th\u00e9matiques strat\u00e9giques.<\/p>\n<p class=\"v1MsoNormal\">Par ailleurs, ce dispositif d\u00e9veloppe en propre des activit\u00e9s \u00e0 travers le d\u00e9veloppement d&rsquo;outils d&rsquo;aide \u00e0 la prise de d\u00e9cision avec notamment le non moins embl\u00e9matique projet\u00a0<span id=\"v1OBJ_PREFIX_DWT71_com_zimbra_url\" class=\"v1Object\"><span id=\"v1OBJ_PREFIX_DWT102_com_zimbra_url\" class=\"v1Object\"><span id=\"v1OBJ_PREFIX_DWT393_com_zimbra_url\" class=\"v1Object\"><span id=\"v1OBJ_PREFIX_DWT419_com_zimbra_url\" class=\"v1Object\"><a href=\"https:\/\/www.prerad-oi.org\/outils-d-aide-a-la-decision\/observatoire-des-agricultures\" target=\"_blank\" rel=\"noopener noreferrer\">d&rsquo;observatoire<\/a><\/span><\/span><\/span><\/span>\u00a0des agricultures de l&rsquo;oc\u00e9an Indien. Agile, la PR\u00e9RAD-OI favorise et facilite l&rsquo;\u00e9mergence et\u00a0<span id=\"v1OBJ_PREFIX_DWT72_com_zimbra_url\" class=\"v1Object\"><span id=\"v1OBJ_PREFIX_DWT103_com_zimbra_url\" class=\"v1Object\"><span id=\"v1OBJ_PREFIX_DWT394_com_zimbra_url\" class=\"v1Object\"><span id=\"v1OBJ_PREFIX_DWT420_com_zimbra_url\" class=\"v1Object\"><a href=\"https:\/\/www.prerad-oi.org\/reseaux-thematiques\/reseaux-thematiques-emergents\" target=\"_blank\" rel=\"noopener noreferrer\">la structuration de r\u00e9seaux d&rsquo;acteurs<\/a><\/span><\/span><\/span><\/span>\u00a0sur de nouvelles probl\u00e9matiques identifi\u00e9es collectivement au niveau r\u00e9gional&#8230; Elle participe \u00e0 la mise en lumi\u00e8re et \u00e0 la promotion des\u00a0<span id=\"v1OBJ_PREFIX_DWT395_com_zimbra_url\" class=\"v1Object\"><span id=\"v1OBJ_PREFIX_DWT421_com_zimbra_url\" class=\"v1Object\"><a href=\"https:\/\/www.prerad-oi.org\/reseaux-thematiques\/resultats\" target=\"_blank\" rel=\"noopener noreferrer\">r\u00e9sultats<\/a><\/span><\/span>\u00a0des r\u00e9seaux th\u00e9matiques \u00e0 travers son site web et les r\u00e9seaux sociaux&#8230;<\/p>\t\t\t\t\t\t<\/div>\n\t\t\t\t<\/div>\n\t\t\t\t\t<\/div>\n\t\t<\/div>\n\t\t\t\t\t<\/div>\n\t\t<\/section>\n\t\t\t\t<section class=\"elementor-section elementor-top-section elementor-element elementor-element-54a0a1e0 elementor-section-boxed elementor-section-height-default elementor-section-height-default\" data-id=\"54a0a1e0\" data-element_type=\"section\">\n\t\t\t\t\t\t<div class=\"elementor-container elementor-column-gap-default\">\n\t\t\t\t\t<div class=\"elementor-column elementor-col-100 elementor-top-column elementor-element elementor-element-7f07e024\" data-id=\"7f07e024\" data-element_type=\"column\">\n\t\t\t<div class=\"elementor-widget-wrap elementor-element-populated\">\n\t\t\t\t\t\t<div class=\"elementor-element elementor-element-35de35 elementor-button-info elementor-align-center elementor-widget elementor-widget-button\" data-id=\"35de35\" data-element_type=\"widget\" data-widget_type=\"button.default\">\n\t\t\t\t<div class=\"elementor-widget-container\">\n\t\t\t\t\t<div class=\"elementor-button-wrapper\">\n\t\t\t<a class=\"elementor-button elementor-button-link elementor-size-sm\" href=\"https:\/\/www.prerad-oi.org\/\">\n\t\t\t\t\t\t<span class=\"elementor-button-content-wrapper\">\n\t\t\t\t\t\t<span class=\"elementor-button-icon elementor-align-icon-left\">\n\t\t\t\t<i aria-hidden=\"true\" class=\"fas fa-info-circle\"><\/i>\t\t\t<\/span>\n\t\t\t\t\t\t<span class=\"elementor-button-text\">En savoir plus sur la Pr\u00e9RAD-OI<\/span>\n\t\t<\/span>\n\t\t\t\t\t<\/a>\n\t\t<\/div>\n\t\t\t\t<\/div>\n\t\t\t\t<\/div>\n\t\t\t\t\t<\/div>\n\t\t<\/div>\n\t\t\t\t\t<\/div>\n\t\t<\/section>\n\t\t\t\t<section class=\"elementor-section elementor-top-section elementor-element elementor-element-57b44d44 elementor-section-boxed elementor-section-height-default elementor-section-height-default\" data-id=\"57b44d44\" data-element_type=\"section\">\n\t\t\t\t\t\t<div class=\"elementor-container elementor-column-gap-default\">\n\t\t\t\t\t<div class=\"elementor-column elementor-col-100 elementor-top-column elementor-element elementor-element-496bc0eb\" data-id=\"496bc0eb\" data-element_type=\"column\">\n\t\t\t<div class=\"elementor-widget-wrap elementor-element-populated\">\n\t\t\t\t\t\t<div class=\"elementor-element elementor-element-5cdbe479 elementor-widget elementor-widget-spacer\" data-id=\"5cdbe479\" data-element_type=\"widget\" data-widget_type=\"spacer.default\">\n\t\t\t\t<div class=\"elementor-widget-container\">\n\t\t\t\t\t<div class=\"elementor-spacer\">\n\t\t\t<div class=\"elementor-spacer-inner\"><\/div>\n\t\t<\/div>\n\t\t\t\t<\/div>\n\t\t\t\t<\/div>\n\t\t\t\t\t<\/div>\n\t\t<\/div>\n\t\t\t\t\t<\/div>\n\t\t<\/section>\n\t\t\t\t<section class=\"elementor-section elementor-top-section elementor-element elementor-element-1355d68d elementor-section-boxed elementor-section-height-default elementor-section-height-default\" data-id=\"1355d68d\" data-element_type=\"section\">\n\t\t\t\t\t\t<div class=\"elementor-container elementor-column-gap-default\">\n\t\t\t\t\t<div class=\"elementor-column elementor-col-100 elementor-top-column elementor-element elementor-element-2546d609\" data-id=\"2546d609\" data-element_type=\"column\">\n\t\t\t<div class=\"elementor-widget-wrap elementor-element-populated\">\n\t\t\t\t\t\t<div class=\"elementor-element elementor-element-76141048 elementor-widget elementor-widget-spacer\" data-id=\"76141048\" data-element_type=\"widget\" data-widget_type=\"spacer.default\">\n\t\t\t\t<div class=\"elementor-widget-container\">\n\t\t\t\t\t<div class=\"elementor-spacer\">\n\t\t\t<div class=\"elementor-spacer-inner\"><\/div>\n\t\t<\/div>\n\t\t\t\t<\/div>\n\t\t\t\t<\/div>\n\t\t\t\t\t<\/div>\n\t\t<\/div>\n\t\t\t\t\t<\/div>\n\t\t<\/section>\n\t\t\t\t<\/div>\n\t\t","protected":false},"excerpt":{"rendered":"<p>PR\u00e9RAD-OI : Plateforme R\u00e9gionale en Recherche Agronomique pour le D\u00e9veloppement dans l&rsquo;Oc\u00e9an Indien Depuis 2014, les cinq pays membres de la Commission de l&rsquo;oc\u00e9an Indien (COI) se sont dot\u00e9s d&rsquo;un<a href=\"https:\/\/formaterra.re\/index.php\/cooperation-internationale\/prerad-oi\/\">[&#8230;]<\/a><\/p>\n","protected":false},"author":2,"featured_media":0,"parent":298,"menu_order":0,"comment_status":"closed","ping_status":"closed","template":"elementor_header_footer","meta":{"footnotes":""},"class_list":["post-13991","page","type-page","status-publish","hentry"],"_links":{"self":[{"href":"https:\/\/formaterra.re\/index.php\/wp-json\/wp\/v2\/pages\/13991","targetHints":{"allow":["GET"]}}],"collection":[{"href":"https:\/\/formaterra.re\/index.php\/wp-json\/wp\/v2\/pages"}],"about":[{"href":"https:\/\/formaterra.re\/index.php\/wp-json\/wp\/v2\/types\/page"}],"author":[{"embeddable":true,"href":"https:\/\/formaterra.re\/index.php\/wp-json\/wp\/v2\/users\/2"}],"replies":[{"embeddable":true,"href":"https:\/\/formaterra.re\/index.php\/wp-json\/wp\/v2\/comments?post=13991"}],"version-history":[{"count":5,"href":"https:\/\/formaterra.re\/index.php\/wp-json\/wp\/v2\/pages\/13991\/revisions"}],"predecessor-version":[{"id":13998,"href":"https:\/\/formaterra.re\/index.php\/wp-json\/wp\/v2\/pages\/13991\/revisions\/13998"}],"up":[{"embeddable":true,"href":"https:\/\/formaterra.re\/index.php\/wp-json\/wp\/v2\/pages\/298"}],"wp:attachment":[{"href":"https:\/\/formaterra.re\/index.php\/wp-json\/wp\/v2\/media?parent=13991"}],"curies":[{"name":"wp","href":"https:\/\/api.w.org\/{rel}","templated":true}]}}