{"id":298,"date":"2019-02-11T12:26:34","date_gmt":"2019-02-11T11:26:34","guid":{"rendered":"http:\/\/formaterra.re\/?page_id=298"},"modified":"2023-12-15T17:35:31","modified_gmt":"2023-12-15T13:35:31","slug":"cooperation-internationale","status":"publish","type":"page","link":"https:\/\/formaterra.re\/index.php\/cooperation-internationale\/","title":{"rendered":"COOP\u00c9RATION INTERNATIONALE"},"content":{"rendered":"\t\t<div data-elementor-type=\"wp-post\" data-elementor-id=\"298\" class=\"elementor elementor-298\">\n\t\t\t\t\t\t<section class=\"elementor-section elementor-top-section elementor-element elementor-element-72d4deb elementor-section-boxed elementor-section-height-default elementor-section-height-default\" data-id=\"72d4deb\" data-element_type=\"section\">\n\t\t\t\t\t\t<div class=\"elementor-container elementor-column-gap-default\">\n\t\t\t\t\t<div class=\"elementor-column elementor-col-100 elementor-top-column elementor-element elementor-element-c1f1278\" data-id=\"c1f1278\" data-element_type=\"column\">\n\t\t\t<div class=\"elementor-widget-wrap\">\n\t\t\t\t\t\t\t<\/div>\n\t\t<\/div>\n\t\t\t\t\t<\/div>\n\t\t<\/section>\n\t\t\t\t<section class=\"elementor-section elementor-top-section elementor-element elementor-element-2e3b3f77 elementor-section-boxed elementor-section-height-default elementor-section-height-default\" data-id=\"2e3b3f77\" data-element_type=\"section\">\n\t\t\t\t\t\t<div class=\"elementor-container elementor-column-gap-default\">\n\t\t\t\t\t<div class=\"elementor-column elementor-col-100 elementor-top-column elementor-element elementor-element-7c5cb09c\" data-id=\"7c5cb09c\" data-element_type=\"column\">\n\t\t\t<div class=\"elementor-widget-wrap elementor-element-populated\">\n\t\t\t\t\t\t<div class=\"elementor-element elementor-element-6503bf45 elementor-widget elementor-widget-spacer\" data-id=\"6503bf45\" data-element_type=\"widget\" data-widget_type=\"spacer.default\">\n\t\t\t\t<div class=\"elementor-widget-container\">\n\t\t\t\t\t<div class=\"elementor-spacer\">\n\t\t\t<div class=\"elementor-spacer-inner\"><\/div>\n\t\t<\/div>\n\t\t\t\t<\/div>\n\t\t\t\t<\/div>\n\t\t\t\t\t<\/div>\n\t\t<\/div>\n\t\t\t\t\t<\/div>\n\t\t<\/section>\n\t\t\t\t<section class=\"elementor-section elementor-top-section elementor-element elementor-element-1fcf615 elementor-section-boxed elementor-section-height-default elementor-section-height-default\" data-id=\"1fcf615\" data-element_type=\"section\">\n\t\t\t\t\t\t<div class=\"elementor-container elementor-column-gap-default\">\n\t\t\t\t\t<div class=\"elementor-column elementor-col-100 elementor-top-column elementor-element elementor-element-3843280d\" data-id=\"3843280d\" data-element_type=\"column\">\n\t\t\t<div class=\"elementor-widget-wrap elementor-element-populated\">\n\t\t\t\t\t\t<div class=\"elementor-element elementor-element-17127412 elementor-widget elementor-widget-image\" data-id=\"17127412\" data-element_type=\"widget\" data-widget_type=\"image.default\">\n\t\t\t\t<div class=\"elementor-widget-container\">\n\t\t\t\t\t\t\t\t\t\t\t\t\t<img fetchpriority=\"high\" decoding=\"async\" width=\"1120\" height=\"101\" src=\"https:\/\/formaterra.re\/wp-content\/uploads\/2019\/09\/band_coopinter.png\" class=\"attachment-full size-full wp-image-10088\" alt=\"\" srcset=\"https:\/\/formaterra.re\/wp-content\/uploads\/2019\/09\/band_coopinter.png 1120w, https:\/\/formaterra.re\/wp-content\/uploads\/2019\/09\/band_coopinter-300x27.png 300w, https:\/\/formaterra.re\/wp-content\/uploads\/2019\/09\/band_coopinter-768x69.png 768w, https:\/\/formaterra.re\/wp-content\/uploads\/2019\/09\/band_coopinter-1024x92.png 1024w\" sizes=\"(max-width: 1120px) 100vw, 1120px\" \/>\t\t\t\t\t\t\t\t\t\t\t\t\t<\/div>\n\t\t\t\t<\/div>\n\t\t\t\t\t<\/div>\n\t\t<\/div>\n\t\t\t\t\t<\/div>\n\t\t<\/section>\n\t\t\t\t<section class=\"elementor-section elementor-top-section elementor-element elementor-element-0aaaf55 elementor-section-boxed elementor-section-height-default elementor-section-height-default\" data-id=\"0aaaf55\" data-element_type=\"section\">\n\t\t\t\t\t\t<div class=\"elementor-container elementor-column-gap-default\">\n\t\t\t\t\t<div class=\"elementor-column elementor-col-100 elementor-top-column elementor-element elementor-element-95d143d\" data-id=\"95d143d\" data-element_type=\"column\">\n\t\t\t<div class=\"elementor-widget-wrap elementor-element-populated\">\n\t\t\t\t\t\t<div class=\"elementor-element elementor-element-2f03e5b elementor-widget elementor-widget-spacer\" data-id=\"2f03e5b\" data-element_type=\"widget\" data-widget_type=\"spacer.default\">\n\t\t\t\t<div class=\"elementor-widget-container\">\n\t\t\t\t\t<div class=\"elementor-spacer\">\n\t\t\t<div class=\"elementor-spacer-inner\"><\/div>\n\t\t<\/div>\n\t\t\t\t<\/div>\n\t\t\t\t<\/div>\n\t\t\t\t\t<\/div>\n\t\t<\/div>\n\t\t\t\t\t<\/div>\n\t\t<\/section>\n\t\t\t\t<section class=\"elementor-section elementor-top-section elementor-element elementor-element-3ac108e8 elementor-section-boxed elementor-section-height-default elementor-section-height-default\" data-id=\"3ac108e8\" data-element_type=\"section\">\n\t\t\t\t\t\t<div class=\"elementor-container elementor-column-gap-default\">\n\t\t\t\t\t<div class=\"elementor-column elementor-col-100 elementor-top-column elementor-element elementor-element-1e5956a1\" data-id=\"1e5956a1\" data-element_type=\"column\" data-settings=\"{&quot;background_background&quot;:&quot;gradient&quot;}\">\n\t\t\t<div class=\"elementor-widget-wrap elementor-element-populated\">\n\t\t\t\t\t\t<div class=\"elementor-element elementor-element-7252208a elementor-widget elementor-widget-heading\" data-id=\"7252208a\" data-element_type=\"widget\" data-widget_type=\"heading.default\">\n\t\t\t\t<div class=\"elementor-widget-container\">\n\t\t\t<h1 class=\"elementor-heading-title elementor-size-medium\">LA COOP\u00c9RATION INTERNATIONALE : UN AXE PRIORITAIRE POUR FORMA'TERRA<\/h1>\t\t<\/div>\n\t\t\t\t<\/div>\n\t\t\t\t\t<\/div>\n\t\t<\/div>\n\t\t\t\t\t<\/div>\n\t\t<\/section>\n\t\t\t\t<section class=\"elementor-section elementor-top-section elementor-element elementor-element-1a1c68b8 elementor-section-boxed elementor-section-height-default elementor-section-height-default\" data-id=\"1a1c68b8\" data-element_type=\"section\">\n\t\t\t\t\t\t<div class=\"elementor-container elementor-column-gap-default\">\n\t\t\t\t\t<div class=\"elementor-column elementor-col-33 elementor-top-column elementor-element elementor-element-5e988775\" data-id=\"5e988775\" data-element_type=\"column\">\n\t\t\t<div class=\"elementor-widget-wrap elementor-element-populated\">\n\t\t\t\t\t\t<div class=\"elementor-element elementor-element-49c02db7 elementor-widget__width-initial elementor-widget elementor-widget-image\" data-id=\"49c02db7\" data-element_type=\"widget\" data-widget_type=\"image.default\">\n\t\t\t\t<div class=\"elementor-widget-container\">\n\t\t\t\t\t\t\t\t\t\t\t\t\t<img decoding=\"async\" src=\"https:\/\/formaterra.re\/wp-content\/uploads\/2023\/12\/New_Roll-up_20085_FORMATERRA_Cooperation_internationale_V2-scaled.jpg\" title=\"New_Roll-up_20085_FORMATERRA_Coop\u00e9ration_internationale_V2\" alt=\"New_Roll-up_20085_FORMATERRA_Coop\u00e9ration_internationale_V2\" loading=\"lazy\" \/>\t\t\t\t\t\t\t\t\t\t\t\t\t<\/div>\n\t\t\t\t<\/div>\n\t\t\t\t\t<\/div>\n\t\t<\/div>\n\t\t\t\t<div class=\"elementor-column elementor-col-66 elementor-top-column elementor-element elementor-element-1c6c4ecb\" data-id=\"1c6c4ecb\" data-element_type=\"column\">\n\t\t\t<div class=\"elementor-widget-wrap elementor-element-populated\">\n\t\t\t\t\t\t<div class=\"elementor-element elementor-element-fc06a59 elementor-widget elementor-widget-text-editor\" data-id=\"fc06a59\" data-element_type=\"widget\" data-widget_type=\"text-editor.default\">\n\t\t\t\t<div class=\"elementor-widget-container\">\n\t\t\t\t\t\t\t<h2><span style=\"text-decoration: underline;\"><span style=\"color: #333399;\"><strong>Un axe prioritaire de notre projet d\u2019\u00e9tablissement<\/strong><\/span><\/span><\/h2><p><span style=\"color: #333399;\">Depuis 30 ans, l\u2019<strong>EPLEFPA FORMA&rsquo;TERRA<\/strong> d\u00e9veloppe une v\u00e9ritable expertise dans le domaine de la coop\u00e9ration internationale. Cette dynamique contribue au renforcement des \u00e9changes avec nos partenaires internationaux et valorise l\u2019enseignement agricole.<\/span><\/p><p><span style=\"color: #333399;\">Profond\u00e9ment ancr\u00e9 dans l\u2019<a style=\"color: #333399;\" href=\"https:\/\/formaterra.re\/index.php\/reap-aaoi\/\">Oc\u00e9an Indien<\/a>, l\u2019EPLEFPA FORMA&rsquo;TERRA encourage la mobilit\u00e9 des apprenants ainsi que des personnels de l\u2019\u00e9tablissement en <a style=\"color: #333399;\" href=\"https:\/\/formaterra.re\/index.php\/erasmus\/\">Europe<\/a> et dans le monde afin d\u2019am\u00e9liorer le niveau de qualification des apprenants et des personnels.<\/span><\/p><h2><span style=\"text-decoration: underline;\"><span style=\"color: #333399;\"><b>OBJECTIFS <\/b><\/span><\/span><\/h2><p><span style=\"color: #333399;\"><strong>Pour nos apprenants :<\/strong><\/span><br \/><span style=\"color: #333399;\">&gt; Acqu\u00e9rir des comp\u00e9tences linguistiques, culturelles et professionnelles<\/span><br \/><span style=\"color: #333399;\">&gt; Augmenter leur chance d\u2019insertion sur le march\u00e9 du travail<\/span><br \/><span style=\"color: #333399;\">&gt; Contribuer \u00e0 leur d\u00e9veloppement personnel<\/span><\/p><p><span style=\"color: #333399;\"><strong>Pour les personnels :<\/strong><\/span><br \/><span style=\"color: #333399;\">&gt; Renforcer leur niveau de comp\u00e9tences<\/span><br \/><span style=\"color: #333399;\">&gt; D\u00e9velopper des perspectives d\u2019\u00e9volution de carri\u00e8res<\/span><\/p>\t\t\t\t\t\t<\/div>\n\t\t\t\t<\/div>\n\t\t\t\t\t<\/div>\n\t\t<\/div>\n\t\t\t\t\t<\/div>\n\t\t<\/section>\n\t\t\t\t<section class=\"elementor-section elementor-top-section elementor-element elementor-element-5633247 elementor-section-boxed elementor-section-height-default elementor-section-height-default\" data-id=\"5633247\" data-element_type=\"section\">\n\t\t\t\t\t\t<div class=\"elementor-container elementor-column-gap-default\">\n\t\t\t\t\t<div class=\"elementor-column elementor-col-100 elementor-top-column elementor-element elementor-element-1834423c\" data-id=\"1834423c\" data-element_type=\"column\">\n\t\t\t<div class=\"elementor-widget-wrap elementor-element-populated\">\n\t\t\t\t\t\t<div class=\"elementor-element elementor-element-534545ec elementor-widget elementor-widget-spacer\" data-id=\"534545ec\" data-element_type=\"widget\" data-widget_type=\"spacer.default\">\n\t\t\t\t<div class=\"elementor-widget-container\">\n\t\t\t\t\t<div class=\"elementor-spacer\">\n\t\t\t<div class=\"elementor-spacer-inner\"><\/div>\n\t\t<\/div>\n\t\t\t\t<\/div>\n\t\t\t\t<\/div>\n\t\t\t\t\t<\/div>\n\t\t<\/div>\n\t\t\t\t\t<\/div>\n\t\t<\/section>\n\t\t\t\t<section class=\"elementor-section elementor-top-section elementor-element elementor-element-3d3f52a elementor-section-boxed elementor-section-height-default elementor-section-height-default\" data-id=\"3d3f52a\" data-element_type=\"section\">\n\t\t\t\t\t\t<div class=\"elementor-container elementor-column-gap-default\">\n\t\t\t\t\t<div class=\"elementor-column elementor-col-100 elementor-top-column elementor-element elementor-element-c9332c0\" data-id=\"c9332c0\" data-element_type=\"column\">\n\t\t\t<div class=\"elementor-widget-wrap elementor-element-populated\">\n\t\t\t\t\t\t<div class=\"elementor-element elementor-element-5074cd4 elementor-widget elementor-widget-button\" data-id=\"5074cd4\" data-element_type=\"widget\" data-widget_type=\"button.default\">\n\t\t\t\t<div class=\"elementor-widget-container\">\n\t\t\t\t\t<div class=\"elementor-button-wrapper\">\n\t\t\t<a class=\"elementor-button elementor-button-link elementor-size-sm\" href=\"https:\/\/formaterra.re\/index.php\/erasmus\/\">\n\t\t\t\t\t\t<span class=\"elementor-button-content-wrapper\">\n\t\t\t\t\t\t<span class=\"elementor-button-icon elementor-align-icon-left\">\n\t\t\t\t<i aria-hidden=\"true\" class=\"fas fa-plus-circle\"><\/i>\t\t\t<\/span>\n\t\t\t\t\t\t<span class=\"elementor-button-text\">Plus d'infos sur nos projets ERASMUS+<\/span>\n\t\t<\/span>\n\t\t\t\t\t<\/a>\n\t\t<\/div>\n\t\t\t\t<\/div>\n\t\t\t\t<\/div>\n\t\t\t\t\t<\/div>\n\t\t<\/div>\n\t\t\t\t\t<\/div>\n\t\t<\/section>\n\t\t\t\t<section class=\"elementor-section elementor-top-section elementor-element elementor-element-f18c346 elementor-section-boxed elementor-section-height-default elementor-section-height-default\" data-id=\"f18c346\" data-element_type=\"section\">\n\t\t\t\t\t\t<div class=\"elementor-container elementor-column-gap-default\">\n\t\t\t\t\t<div class=\"elementor-column elementor-col-100 elementor-top-column elementor-element elementor-element-914d80d\" data-id=\"914d80d\" data-element_type=\"column\">\n\t\t\t<div class=\"elementor-widget-wrap elementor-element-populated\">\n\t\t\t\t\t\t<div class=\"elementor-element elementor-element-05ae732 elementor-widget elementor-widget-button\" data-id=\"05ae732\" data-element_type=\"widget\" data-widget_type=\"button.default\">\n\t\t\t\t<div class=\"elementor-widget-container\">\n\t\t\t\t\t<div class=\"elementor-button-wrapper\">\n\t\t\t<a class=\"elementor-button elementor-button-link elementor-size-sm\" href=\"https:\/\/formaterra.re\/index.php\/reap-aaoi\/\">\n\t\t\t\t\t\t<span class=\"elementor-button-content-wrapper\">\n\t\t\t\t\t\t<span class=\"elementor-button-icon elementor-align-icon-left\">\n\t\t\t\t<i aria-hidden=\"true\" class=\"fas fa-plus-circle\"><\/i>\t\t\t<\/span>\n\t\t\t\t\t\t<span class=\"elementor-button-text\">Plus d'infos sur le REAP AAOI : R\u00e9seau des \u00c9tablissements Agricoles Professionnels de l\u2019Afrique Australe et Oc\u00e9an Indien<\/span>\n\t\t<\/span>\n\t\t\t\t\t<\/a>\n\t\t<\/div>\n\t\t\t\t<\/div>\n\t\t\t\t<\/div>\n\t\t\t\t<div class=\"elementor-element elementor-element-451ce2c elementor-widget elementor-widget-button\" data-id=\"451ce2c\" data-element_type=\"widget\" data-widget_type=\"button.default\">\n\t\t\t\t<div class=\"elementor-widget-container\">\n\t\t\t\t\t<div class=\"elementor-button-wrapper\">\n\t\t\t<a class=\"elementor-button elementor-button-link elementor-size-sm\" href=\"https:\/\/formaterra.re\/index.php\/cooperation-internationale\/prerad-oi\/\">\n\t\t\t\t\t\t<span class=\"elementor-button-content-wrapper\">\n\t\t\t\t\t\t<span class=\"elementor-button-icon elementor-align-icon-left\">\n\t\t\t\t<i aria-hidden=\"true\" class=\"fas fa-plus-circle\"><\/i>\t\t\t<\/span>\n\t\t\t\t\t\t<span class=\"elementor-button-text\">Plus d'infos sur les projets PRERAD-OI<\/span>\n\t\t<\/span>\n\t\t\t\t\t<\/a>\n\t\t<\/div>\n\t\t\t\t<\/div>\n\t\t\t\t<\/div>\n\t\t\t\t\t<\/div>\n\t\t<\/div>\n\t\t\t\t\t<\/div>\n\t\t<\/section>\n\t\t\t\t<section class=\"elementor-section elementor-top-section elementor-element elementor-element-41af8d8d elementor-section-boxed elementor-section-height-default elementor-section-height-default\" data-id=\"41af8d8d\" data-element_type=\"section\">\n\t\t\t\t\t\t<div class=\"elementor-container elementor-column-gap-default\">\n\t\t\t\t\t<div class=\"elementor-column elementor-col-100 elementor-top-column elementor-element elementor-element-1a3394cb\" data-id=\"1a3394cb\" data-element_type=\"column\">\n\t\t\t<div class=\"elementor-widget-wrap elementor-element-populated\">\n\t\t\t\t\t\t<div class=\"elementor-element elementor-element-4133ad9c elementor-widget elementor-widget-spacer\" data-id=\"4133ad9c\" data-element_type=\"widget\" data-widget_type=\"spacer.default\">\n\t\t\t\t<div class=\"elementor-widget-container\">\n\t\t\t\t\t<div class=\"elementor-spacer\">\n\t\t\t<div class=\"elementor-spacer-inner\"><\/div>\n\t\t<\/div>\n\t\t\t\t<\/div>\n\t\t\t\t<\/div>\n\t\t\t\t\t<\/div>\n\t\t<\/div>\n\t\t\t\t\t<\/div>\n\t\t<\/section>\n\t\t\t\t<section class=\"elementor-section elementor-top-section elementor-element elementor-element-3dd5a66 elementor-section-boxed elementor-section-height-default elementor-section-height-default\" data-id=\"3dd5a66\" data-element_type=\"section\">\n\t\t\t\t\t\t<div class=\"elementor-container elementor-column-gap-default\">\n\t\t\t\t\t<div class=\"elementor-column elementor-col-100 elementor-top-column elementor-element elementor-element-168d613\" data-id=\"168d613\" data-element_type=\"column\">\n\t\t\t<div class=\"elementor-widget-wrap elementor-element-populated\">\n\t\t\t\t\t\t<div class=\"elementor-element elementor-element-8e26e54 elementor-widget elementor-widget-text-editor\" data-id=\"8e26e54\" data-element_type=\"widget\" data-widget_type=\"text-editor.default\">\n\t\t\t\t<div class=\"elementor-widget-container\">\n\t\t\t\t\t\t\t<h4><em><span style=\"color: #0000ff;\"><strong>Suivez-nous sur les r\u00e9seaux sociaux\u00a0 !<\/strong><\/span><\/em><\/h4>\t\t\t\t\t\t<\/div>\n\t\t\t\t<\/div>\n\t\t\t\t\t<\/div>\n\t\t<\/div>\n\t\t\t\t\t<\/div>\n\t\t<\/section>\n\t\t\t\t<section class=\"elementor-section elementor-top-section elementor-element elementor-element-4856c44 elementor-section-boxed elementor-section-height-default elementor-section-height-default\" data-id=\"4856c44\" data-element_type=\"section\">\n\t\t\t\t\t\t<div class=\"elementor-container elementor-column-gap-default\">\n\t\t\t\t\t<div class=\"elementor-column elementor-col-100 elementor-top-column elementor-element elementor-element-af8474a\" data-id=\"af8474a\" data-element_type=\"column\">\n\t\t\t<div class=\"elementor-widget-wrap elementor-element-populated\">\n\t\t\t\t\t\t<div class=\"elementor-element elementor-element-6dcc231 elementor-shape-rounded elementor-grid-0 e-grid-align-center elementor-widget elementor-widget-social-icons\" data-id=\"6dcc231\" data-element_type=\"widget\" data-widget_type=\"social-icons.default\">\n\t\t\t\t<div class=\"elementor-widget-container\">\n\t\t\t\t\t<div class=\"elementor-social-icons-wrapper elementor-grid\">\n\t\t\t\t\t\t\t<span class=\"elementor-grid-item\">\n\t\t\t\t\t<a class=\"elementor-icon elementor-social-icon elementor-social-icon-facebook elementor-repeater-item-0ae523e\" href=\"https:\/\/www.facebook.com\/formaterra.re\/\" target=\"_blank\">\n\t\t\t\t\t\t<span class=\"elementor-screen-only\">Facebook<\/span>\n\t\t\t\t\t\t<i class=\"fab fa-facebook\"><\/i>\t\t\t\t\t<\/a>\n\t\t\t\t<\/span>\n\t\t\t\t\t\t\t<span class=\"elementor-grid-item\">\n\t\t\t\t\t<a class=\"elementor-icon elementor-social-icon elementor-social-icon-youtube elementor-repeater-item-0cb49a3\" href=\"https:\/\/www.youtube.com\/channel\/UCzKnt8MYHJLIRkZg_Lx6PiA\" target=\"_blank\">\n\t\t\t\t\t\t<span class=\"elementor-screen-only\">Youtube<\/span>\n\t\t\t\t\t\t<i class=\"fab fa-youtube\"><\/i>\t\t\t\t\t<\/a>\n\t\t\t\t<\/span>\n\t\t\t\t\t\t\t<span class=\"elementor-grid-item\">\n\t\t\t\t\t<a class=\"elementor-icon elementor-social-icon elementor-social-icon-instagram elementor-repeater-item-d0e4b6d\" href=\"https:\/\/www.instagram.com\/formaterra.re\/?hl=fr\" target=\"_blank\">\n\t\t\t\t\t\t<span class=\"elementor-screen-only\">Instagram<\/span>\n\t\t\t\t\t\t<i class=\"fab fa-instagram\"><\/i>\t\t\t\t\t<\/a>\n\t\t\t\t<\/span>\n\t\t\t\t\t\t\t<span class=\"elementor-grid-item\">\n\t\t\t\t\t<a class=\"elementor-icon elementor-social-icon elementor-social-icon-linkedin elementor-repeater-item-e964a79\" href=\"https:\/\/www.linkedin.com\/company\/eplefpa-formaterra\/\" target=\"_blank\">\n\t\t\t\t\t\t<span class=\"elementor-screen-only\">Linkedin<\/span>\n\t\t\t\t\t\t<i class=\"fab fa-linkedin\"><\/i>\t\t\t\t\t<\/a>\n\t\t\t\t<\/span>\n\t\t\t\t\t<\/div>\n\t\t\t\t<\/div>\n\t\t\t\t<\/div>\n\t\t\t\t\t<\/div>\n\t\t<\/div>\n\t\t\t\t\t<\/div>\n\t\t<\/section>\n\t\t\t\t<section class=\"elementor-section elementor-top-section elementor-element elementor-element-2eea6d6 elementor-section-boxed elementor-section-height-default elementor-section-height-default\" data-id=\"2eea6d6\" data-element_type=\"section\">\n\t\t\t\t\t\t<div class=\"elementor-container elementor-column-gap-default\">\n\t\t\t\t\t<div class=\"elementor-column elementor-col-100 elementor-top-column elementor-element elementor-element-4e3055d\" data-id=\"4e3055d\" data-element_type=\"column\">\n\t\t\t<div class=\"elementor-widget-wrap elementor-element-populated\">\n\t\t\t\t\t\t<div class=\"elementor-element elementor-element-c389d73 elementor-widget elementor-widget-spacer\" data-id=\"c389d73\" data-element_type=\"widget\" data-widget_type=\"spacer.default\">\n\t\t\t\t<div class=\"elementor-widget-container\">\n\t\t\t\t\t<div class=\"elementor-spacer\">\n\t\t\t<div class=\"elementor-spacer-inner\"><\/div>\n\t\t<\/div>\n\t\t\t\t<\/div>\n\t\t\t\t<\/div>\n\t\t\t\t\t<\/div>\n\t\t<\/div>\n\t\t\t\t\t<\/div>\n\t\t<\/section>\n\t\t\t\t<\/div>\n\t\t","protected":false},"excerpt":{"rendered":"<p>LA COOP\u00c9RATION INTERNATIONALE : UN AXE PRIORITAIRE POUR FORMA&rsquo;TERRA Un axe prioritaire de notre projet d\u2019\u00e9tablissement Depuis 30 ans, l\u2019EPLEFPA FORMA&rsquo;TERRA d\u00e9veloppe une v\u00e9ritable expertise dans le domaine de la<a href=\"https:\/\/formaterra.re\/index.php\/cooperation-internationale\/\">[&#8230;]<\/a><\/p>\n","protected":false},"author":2,"featured_media":0,"parent":0,"menu_order":0,"comment_status":"closed","ping_status":"closed","template":"elementor_header_footer","meta":{"footnotes":""},"class_list":["post-298","page","type-page","status-publish","hentry"],"_links":{"self":[{"href":"https:\/\/formaterra.re\/index.php\/wp-json\/wp\/v2\/pages\/298","targetHints":{"allow":["GET"]}}],"collection":[{"href":"https:\/\/formaterra.re\/index.php\/wp-json\/wp\/v2\/pages"}],"about":[{"href":"https:\/\/formaterra.re\/index.php\/wp-json\/wp\/v2\/types\/page"}],"author":[{"embeddable":true,"href":"https:\/\/formaterra.re\/index.php\/wp-json\/wp\/v2\/users\/2"}],"replies":[{"embeddable":true,"href":"https:\/\/formaterra.re\/index.php\/wp-json\/wp\/v2\/comments?post=298"}],"version-history":[{"count":9,"href":"https:\/\/formaterra.re\/index.php\/wp-json\/wp\/v2\/pages\/298\/revisions"}],"predecessor-version":[{"id":16843,"href":"https:\/\/formaterra.re\/index.php\/wp-json\/wp\/v2\/pages\/298\/revisions\/16843"}],"wp:attachment":[{"href":"https:\/\/formaterra.re\/index.php\/wp-json\/wp\/v2\/media?parent=298"}],"curies":[{"name":"wp","href":"https:\/\/api.w.org\/{rel}","templated":true}]}}