{"id":9159,"date":"2019-05-23T12:17:35","date_gmt":"2019-05-23T10:17:35","guid":{"rendered":"http:\/\/formaterra.re\/?page_id=9159"},"modified":"2023-08-18T16:40:49","modified_gmt":"2023-08-18T12:40:49","slug":"actualite","status":"publish","type":"page","link":"https:\/\/formaterra.re\/index.php\/actualite\/","title":{"rendered":"Actualit\u00e9"},"content":{"rendered":"\t\t<div data-elementor-type=\"wp-post\" data-elementor-id=\"9159\" class=\"elementor elementor-9159\">\n\t\t\t\t\t\t<section class=\"elementor-section elementor-top-section elementor-element elementor-element-9b3d973 elementor-section-boxed elementor-section-height-default elementor-section-height-default\" data-id=\"9b3d973\" data-element_type=\"section\">\n\t\t\t\t\t\t<div class=\"elementor-container elementor-column-gap-default\">\n\t\t\t\t\t<div class=\"elementor-column elementor-col-100 elementor-top-column elementor-element elementor-element-c5800bd\" data-id=\"c5800bd\" data-element_type=\"column\">\n\t\t\t<div class=\"elementor-widget-wrap elementor-element-populated\">\n\t\t\t\t\t\t<div class=\"elementor-element elementor-element-4dc1162 elementor-widget elementor-widget-spacer\" data-id=\"4dc1162\" data-element_type=\"widget\" data-widget_type=\"spacer.default\">\n\t\t\t\t<div class=\"elementor-widget-container\">\n\t\t\t\t\t<div class=\"elementor-spacer\">\n\t\t\t<div class=\"elementor-spacer-inner\"><\/div>\n\t\t<\/div>\n\t\t\t\t<\/div>\n\t\t\t\t<\/div>\n\t\t\t\t\t<\/div>\n\t\t<\/div>\n\t\t\t\t\t<\/div>\n\t\t<\/section>\n\t\t\t\t<section class=\"elementor-section elementor-top-section elementor-element elementor-element-8392a95 elementor-section-boxed elementor-section-height-default elementor-section-height-default\" data-id=\"8392a95\" data-element_type=\"section\">\n\t\t\t\t\t\t<div class=\"elementor-container elementor-column-gap-default\">\n\t\t\t\t\t<div class=\"elementor-column elementor-col-100 elementor-top-column elementor-element elementor-element-f372afb\" data-id=\"f372afb\" data-element_type=\"column\">\n\t\t\t<div class=\"elementor-widget-wrap elementor-element-populated\">\n\t\t\t\t\t\t<div class=\"elementor-element elementor-element-94b04dc elementor-widget elementor-widget-image\" data-id=\"94b04dc\" data-element_type=\"widget\" data-widget_type=\"image.default\">\n\t\t\t\t<div class=\"elementor-widget-container\">\n\t\t\t\t\t\t\t\t\t\t\t\t\t<img fetchpriority=\"high\" decoding=\"async\" width=\"1120\" height=\"101\" src=\"https:\/\/formaterra.re\/wp-content\/uploads\/2019\/06\/bandeau_actualite.png\" class=\"attachment-full size-full wp-image-9644\" alt=\"\" srcset=\"https:\/\/formaterra.re\/wp-content\/uploads\/2019\/06\/bandeau_actualite.png 1120w, https:\/\/formaterra.re\/wp-content\/uploads\/2019\/06\/bandeau_actualite-300x27.png 300w, https:\/\/formaterra.re\/wp-content\/uploads\/2019\/06\/bandeau_actualite-768x69.png 768w, https:\/\/formaterra.re\/wp-content\/uploads\/2019\/06\/bandeau_actualite-1024x92.png 1024w\" sizes=\"(max-width: 1120px) 100vw, 1120px\" \/>\t\t\t\t\t\t\t\t\t\t\t\t\t<\/div>\n\t\t\t\t<\/div>\n\t\t\t\t\t<\/div>\n\t\t<\/div>\n\t\t\t\t\t<\/div>\n\t\t<\/section>\n\t\t\t\t<section class=\"elementor-section elementor-top-section elementor-element elementor-element-e19674a elementor-section-boxed elementor-section-height-default elementor-section-height-default\" data-id=\"e19674a\" data-element_type=\"section\">\n\t\t\t\t\t\t<div class=\"elementor-container elementor-column-gap-default\">\n\t\t\t\t\t<div class=\"elementor-column elementor-col-100 elementor-top-column elementor-element elementor-element-edff954\" data-id=\"edff954\" data-element_type=\"column\">\n\t\t\t<div class=\"elementor-widget-wrap elementor-element-populated\">\n\t\t\t\t\t\t<div class=\"elementor-element elementor-element-8525b69 elementor-widget elementor-widget-spacer\" data-id=\"8525b69\" data-element_type=\"widget\" data-widget_type=\"spacer.default\">\n\t\t\t\t<div class=\"elementor-widget-container\">\n\t\t\t\t\t<div class=\"elementor-spacer\">\n\t\t\t<div class=\"elementor-spacer-inner\"><\/div>\n\t\t<\/div>\n\t\t\t\t<\/div>\n\t\t\t\t<\/div>\n\t\t\t\t\t<\/div>\n\t\t<\/div>\n\t\t\t\t\t<\/div>\n\t\t<\/section>\n\t\t\t\t<section class=\"elementor-section elementor-top-section elementor-element elementor-element-73e80cc elementor-section-boxed elementor-section-height-default elementor-section-height-default\" data-id=\"73e80cc\" data-element_type=\"section\">\n\t\t\t\t\t\t<div class=\"elementor-container elementor-column-gap-default\">\n\t\t\t\t\t<article class=\"elementor-column elementor-col-100 elementor-top-column elementor-element elementor-element-10d29bf\" data-id=\"10d29bf\" data-element_type=\"column\" data-settings=\"{&quot;background_background&quot;:&quot;classic&quot;}\">\n\t\t\t<div class=\"elementor-widget-wrap elementor-element-populated\">\n\t\t\t\t\t\t<div class=\"elementor-element elementor-element-e47c6b5 elementor-widget elementor-widget-wp-widget-recent-posts\" data-id=\"e47c6b5\" data-element_type=\"widget\" data-widget_type=\"wp-widget-recent-posts.default\">\n\t\t\t\t<div class=\"elementor-widget-container\">\n\t\t\t\n\t\t\n\t\t<h5>Articles r\u00e9cents<\/h5>\n\t\t<ul>\n\t\t\t\t\t\t\t\t\t\t\t<li>\n\t\t\t\t\t<a href=\"https:\/\/formaterra.re\/index.php\/2026\/04\/28\/offre-demploi-ouvrier-specialise-agricole-h-f\/\">OFFRE D&rsquo;EMPLOI : OUVRIER SPECIALIS\u00c9 AGRICOLE (H\/F)<\/a>\n\t\t\t\t\t\t\t\t\t<\/li>\n\t\t\t\t\t\t\t\t\t\t\t<li>\n\t\t\t\t\t<a href=\"https:\/\/formaterra.re\/index.php\/2026\/04\/17\/retrouvez-formaterra-a-la-matinee-de-lalternance-et-de-la-formation-22-avril-2026\/\">RETROUVEZ FORMATERRA A LA MATIN\u00c9E DE L&rsquo;ALTERNANCE ET DE LA FORMATION : 22 avril 2026<\/a>\n\t\t\t\t\t\t\t\t\t<\/li>\n\t\t\t\t\t\t\t\t\t\t\t<li>\n\t\t\t\t\t<a href=\"https:\/\/formaterra.re\/index.php\/2026\/04\/08\/participez-a-notre-journee-du-terroir-jeudi-23-avril-2026-a-saint-benoit\/\">PARTICIPEZ \u00e0 notre JOURN\u00c9E du TERROIR : jeudi 23 avril 2026, \u00e0 Saint-Beno\u00eet<\/a>\n\t\t\t\t\t\t\t\t\t<\/li>\n\t\t\t\t\t\t\t\t\t\t\t<li>\n\t\t\t\t\t<a href=\"https:\/\/formaterra.re\/index.php\/2026\/04\/02\/retrouvez-formaterra-au-forum-orientation-happy-08-avril-2026\/\">RETROUVEZ FORMATERRA au FORUM ORIENTATION \u00ab\u00a0HAPPY\u00a0\u00bb : 08 AVRIL 2026<\/a>\n\t\t\t\t\t\t\t\t\t<\/li>\n\t\t\t\t\t\t\t\t\t\t\t<li>\n\t\t\t\t\t<a href=\"https:\/\/formaterra.re\/index.php\/2026\/03\/26\/portrait-de-luc-olivier-waldmeyer-nouveau-directeur-de-lexploitation-agricole-formaterra\/\">Portrait de Luc-Olivier WALDMEYER : nouveau Directeur de l\u2019Exploitation agricole FORMA\u2019TERRA<\/a>\n\t\t\t\t\t\t\t\t\t<\/li>\n\t\t\t\t\t<\/ul>\n\n\t\t\t\t<\/div>\n\t\t\t\t<\/div>\n\t\t\t\t\t<\/div>\n\t\t<\/article>\n\t\t\t\t\t<\/div>\n\t\t<\/section>\n\t\t\t\t<section class=\"elementor-section elementor-top-section elementor-element elementor-element-9dd152c elementor-section-boxed elementor-section-height-default elementor-section-height-default\" data-id=\"9dd152c\" data-element_type=\"section\">\n\t\t\t\t\t\t<div class=\"elementor-container elementor-column-gap-default\">\n\t\t\t\t\t<div class=\"elementor-column elementor-col-100 elementor-top-column elementor-element elementor-element-b352551\" data-id=\"b352551\" data-element_type=\"column\">\n\t\t\t<div class=\"elementor-widget-wrap elementor-element-populated\">\n\t\t\t\t\t\t<div class=\"elementor-element elementor-element-47fab1e elementor-widget elementor-widget-wp-widget-archives\" data-id=\"47fab1e\" data-element_type=\"widget\" data-widget_type=\"wp-widget-archives.default\">\n\t\t\t\t<div class=\"elementor-widget-container\">\n\t\t\t<h5>Archives<\/h5>\t\t<label class=\"screen-reader-text\" for=\"archives-dropdown-REPLACE_TO_ID\">Archives<\/label>\n\t\t<select id=\"archives-dropdown-REPLACE_TO_ID\" name=\"archive-dropdown\">\n\t\t\t\n\t\t\t<option value=\"\">S\u00e9lectionner un mois<\/option>\n\t\t\t\t<option value='https:\/\/formaterra.re\/index.php\/2026\/04\/'> avril 2026 &nbsp;(4)<\/option>\n\t<option value='https:\/\/formaterra.re\/index.php\/2026\/03\/'> mars 2026 &nbsp;(5)<\/option>\n\t<option value='https:\/\/formaterra.re\/index.php\/2026\/02\/'> f\u00e9vrier 2026 &nbsp;(6)<\/option>\n\t<option value='https:\/\/formaterra.re\/index.php\/2025\/12\/'> d\u00e9cembre 2025 &nbsp;(4)<\/option>\n\t<option value='https:\/\/formaterra.re\/index.php\/2025\/11\/'> novembre 2025 &nbsp;(4)<\/option>\n\t<option value='https:\/\/formaterra.re\/index.php\/2025\/10\/'> octobre 2025 &nbsp;(5)<\/option>\n\t<option value='https:\/\/formaterra.re\/index.php\/2025\/09\/'> septembre 2025 &nbsp;(9)<\/option>\n\t<option value='https:\/\/formaterra.re\/index.php\/2025\/08\/'> ao\u00fbt 2025 &nbsp;(7)<\/option>\n\t<option value='https:\/\/formaterra.re\/index.php\/2025\/07\/'> juillet 2025 &nbsp;(3)<\/option>\n\t<option value='https:\/\/formaterra.re\/index.php\/2025\/06\/'> juin 2025 &nbsp;(7)<\/option>\n\t<option value='https:\/\/formaterra.re\/index.php\/2025\/05\/'> mai 2025 &nbsp;(5)<\/option>\n\t<option value='https:\/\/formaterra.re\/index.php\/2025\/04\/'> avril 2025 &nbsp;(7)<\/option>\n\t<option value='https:\/\/formaterra.re\/index.php\/2025\/03\/'> mars 2025 &nbsp;(5)<\/option>\n\t<option value='https:\/\/formaterra.re\/index.php\/2025\/02\/'> f\u00e9vrier 2025 &nbsp;(4)<\/option>\n\t<option value='https:\/\/formaterra.re\/index.php\/2025\/01\/'> janvier 2025 &nbsp;(6)<\/option>\n\t<option value='https:\/\/formaterra.re\/index.php\/2024\/12\/'> d\u00e9cembre 2024 &nbsp;(8)<\/option>\n\t<option value='https:\/\/formaterra.re\/index.php\/2024\/11\/'> novembre 2024 &nbsp;(8)<\/option>\n\t<option value='https:\/\/formaterra.re\/index.php\/2024\/10\/'> octobre 2024 &nbsp;(8)<\/option>\n\t<option value='https:\/\/formaterra.re\/index.php\/2024\/09\/'> septembre 2024 &nbsp;(11)<\/option>\n\t<option value='https:\/\/formaterra.re\/index.php\/2024\/08\/'> ao\u00fbt 2024 &nbsp;(3)<\/option>\n\t<option value='https:\/\/formaterra.re\/index.php\/2024\/07\/'> juillet 2024 &nbsp;(3)<\/option>\n\t<option value='https:\/\/formaterra.re\/index.php\/2024\/06\/'> juin 2024 &nbsp;(9)<\/option>\n\t<option value='https:\/\/formaterra.re\/index.php\/2024\/05\/'> mai 2024 &nbsp;(7)<\/option>\n\t<option value='https:\/\/formaterra.re\/index.php\/2024\/04\/'> avril 2024 &nbsp;(6)<\/option>\n\t<option value='https:\/\/formaterra.re\/index.php\/2024\/03\/'> mars 2024 &nbsp;(5)<\/option>\n\t<option value='https:\/\/formaterra.re\/index.php\/2024\/02\/'> f\u00e9vrier 2024 &nbsp;(8)<\/option>\n\t<option value='https:\/\/formaterra.re\/index.php\/2024\/01\/'> janvier 2024 &nbsp;(9)<\/option>\n\t<option value='https:\/\/formaterra.re\/index.php\/2023\/12\/'> d\u00e9cembre 2023 &nbsp;(6)<\/option>\n\t<option value='https:\/\/formaterra.re\/index.php\/2023\/11\/'> novembre 2023 &nbsp;(15)<\/option>\n\t<option value='https:\/\/formaterra.re\/index.php\/2023\/10\/'> octobre 2023 &nbsp;(8)<\/option>\n\t<option value='https:\/\/formaterra.re\/index.php\/2023\/09\/'> septembre 2023 &nbsp;(7)<\/option>\n\t<option value='https:\/\/formaterra.re\/index.php\/2023\/08\/'> ao\u00fbt 2023 &nbsp;(5)<\/option>\n\t<option value='https:\/\/formaterra.re\/index.php\/2023\/07\/'> juillet 2023 &nbsp;(4)<\/option>\n\t<option value='https:\/\/formaterra.re\/index.php\/2023\/06\/'> juin 2023 &nbsp;(13)<\/option>\n\t<option value='https:\/\/formaterra.re\/index.php\/2023\/05\/'> mai 2023 &nbsp;(6)<\/option>\n\t<option value='https:\/\/formaterra.re\/index.php\/2023\/04\/'> avril 2023 &nbsp;(4)<\/option>\n\t<option value='https:\/\/formaterra.re\/index.php\/2023\/03\/'> mars 2023 &nbsp;(8)<\/option>\n\t<option value='https:\/\/formaterra.re\/index.php\/2023\/02\/'> f\u00e9vrier 2023 &nbsp;(8)<\/option>\n\t<option value='https:\/\/formaterra.re\/index.php\/2023\/01\/'> janvier 2023 &nbsp;(1)<\/option>\n\t<option value='https:\/\/formaterra.re\/index.php\/2022\/12\/'> d\u00e9cembre 2022 &nbsp;(2)<\/option>\n\t<option value='https:\/\/formaterra.re\/index.php\/2022\/11\/'> novembre 2022 &nbsp;(7)<\/option>\n\t<option value='https:\/\/formaterra.re\/index.php\/2022\/10\/'> octobre 2022 &nbsp;(7)<\/option>\n\t<option value='https:\/\/formaterra.re\/index.php\/2022\/09\/'> septembre 2022 &nbsp;(15)<\/option>\n\t<option value='https:\/\/formaterra.re\/index.php\/2022\/08\/'> ao\u00fbt 2022 &nbsp;(7)<\/option>\n\t<option value='https:\/\/formaterra.re\/index.php\/2022\/07\/'> juillet 2022 &nbsp;(7)<\/option>\n\t<option value='https:\/\/formaterra.re\/index.php\/2022\/06\/'> juin 2022 &nbsp;(9)<\/option>\n\t<option value='https:\/\/formaterra.re\/index.php\/2022\/05\/'> mai 2022 &nbsp;(6)<\/option>\n\t<option value='https:\/\/formaterra.re\/index.php\/2022\/04\/'> avril 2022 &nbsp;(4)<\/option>\n\t<option value='https:\/\/formaterra.re\/index.php\/2022\/03\/'> mars 2022 &nbsp;(4)<\/option>\n\t<option value='https:\/\/formaterra.re\/index.php\/2022\/02\/'> f\u00e9vrier 2022 &nbsp;(11)<\/option>\n\t<option value='https:\/\/formaterra.re\/index.php\/2022\/01\/'> janvier 2022 &nbsp;(8)<\/option>\n\t<option value='https:\/\/formaterra.re\/index.php\/2021\/12\/'> d\u00e9cembre 2021 &nbsp;(4)<\/option>\n\t<option value='https:\/\/formaterra.re\/index.php\/2021\/11\/'> novembre 2021 &nbsp;(8)<\/option>\n\t<option value='https:\/\/formaterra.re\/index.php\/2021\/10\/'> octobre 2021 &nbsp;(2)<\/option>\n\t<option value='https:\/\/formaterra.re\/index.php\/2021\/09\/'> septembre 2021 &nbsp;(9)<\/option>\n\t<option value='https:\/\/formaterra.re\/index.php\/2021\/08\/'> ao\u00fbt 2021 &nbsp;(4)<\/option>\n\t<option value='https:\/\/formaterra.re\/index.php\/2021\/07\/'> juillet 2021 &nbsp;(6)<\/option>\n\t<option value='https:\/\/formaterra.re\/index.php\/2021\/06\/'> juin 2021 &nbsp;(3)<\/option>\n\t<option value='https:\/\/formaterra.re\/index.php\/2021\/05\/'> mai 2021 &nbsp;(7)<\/option>\n\t<option value='https:\/\/formaterra.re\/index.php\/2021\/04\/'> avril 2021 &nbsp;(3)<\/option>\n\t<option value='https:\/\/formaterra.re\/index.php\/2021\/03\/'> mars 2021 &nbsp;(1)<\/option>\n\t<option value='https:\/\/formaterra.re\/index.php\/2021\/02\/'> f\u00e9vrier 2021 &nbsp;(6)<\/option>\n\t<option value='https:\/\/formaterra.re\/index.php\/2021\/01\/'> janvier 2021 &nbsp;(5)<\/option>\n\t<option value='https:\/\/formaterra.re\/index.php\/2020\/12\/'> d\u00e9cembre 2020 &nbsp;(4)<\/option>\n\t<option value='https:\/\/formaterra.re\/index.php\/2020\/11\/'> novembre 2020 &nbsp;(4)<\/option>\n\t<option value='https:\/\/formaterra.re\/index.php\/2020\/10\/'> octobre 2020 &nbsp;(6)<\/option>\n\t<option value='https:\/\/formaterra.re\/index.php\/2020\/09\/'> septembre 2020 &nbsp;(4)<\/option>\n\t<option value='https:\/\/formaterra.re\/index.php\/2020\/08\/'> ao\u00fbt 2020 &nbsp;(9)<\/option>\n\t<option value='https:\/\/formaterra.re\/index.php\/2020\/07\/'> juillet 2020 &nbsp;(3)<\/option>\n\t<option value='https:\/\/formaterra.re\/index.php\/2020\/06\/'> juin 2020 &nbsp;(8)<\/option>\n\t<option value='https:\/\/formaterra.re\/index.php\/2020\/05\/'> mai 2020 &nbsp;(4)<\/option>\n\t<option value='https:\/\/formaterra.re\/index.php\/2020\/04\/'> avril 2020 &nbsp;(1)<\/option>\n\t<option value='https:\/\/formaterra.re\/index.php\/2020\/03\/'> mars 2020 &nbsp;(3)<\/option>\n\t<option value='https:\/\/formaterra.re\/index.php\/2020\/02\/'> f\u00e9vrier 2020 &nbsp;(4)<\/option>\n\t<option value='https:\/\/formaterra.re\/index.php\/2020\/01\/'> janvier 2020 &nbsp;(5)<\/option>\n\t<option value='https:\/\/formaterra.re\/index.php\/2019\/12\/'> d\u00e9cembre 2019 &nbsp;(1)<\/option>\n\t<option value='https:\/\/formaterra.re\/index.php\/2019\/11\/'> novembre 2019 &nbsp;(3)<\/option>\n\t<option value='https:\/\/formaterra.re\/index.php\/2019\/10\/'> octobre 2019 &nbsp;(3)<\/option>\n\t<option value='https:\/\/formaterra.re\/index.php\/2019\/09\/'> septembre 2019 &nbsp;(1)<\/option>\n\t<option value='https:\/\/formaterra.re\/index.php\/2019\/08\/'> ao\u00fbt 2019 &nbsp;(10)<\/option>\n\t<option value='https:\/\/formaterra.re\/index.php\/2019\/07\/'> juillet 2019 &nbsp;(7)<\/option>\n\t<option value='https:\/\/formaterra.re\/index.php\/2019\/06\/'> juin 2019 &nbsp;(15)<\/option>\n\t<option value='https:\/\/formaterra.re\/index.php\/2019\/05\/'> mai 2019 &nbsp;(9)<\/option>\n\t<option value='https:\/\/formaterra.re\/index.php\/2019\/04\/'> avril 2019 &nbsp;(6)<\/option>\n\t<option value='https:\/\/formaterra.re\/index.php\/2019\/03\/'> mars 2019 &nbsp;(4)<\/option>\n\t<option value='https:\/\/formaterra.re\/index.php\/2019\/02\/'> f\u00e9vrier 2019 &nbsp;(5)<\/option>\n\t<option value='https:\/\/formaterra.re\/index.php\/2019\/01\/'> janvier 2019 &nbsp;(3)<\/option>\n\t<option value='https:\/\/formaterra.re\/index.php\/2018\/12\/'> d\u00e9cembre 2018 &nbsp;(5)<\/option>\n\t<option value='https:\/\/formaterra.re\/index.php\/2018\/11\/'> novembre 2018 &nbsp;(9)<\/option>\n\t<option value='https:\/\/formaterra.re\/index.php\/2018\/10\/'> octobre 2018 &nbsp;(7)<\/option>\n\t<option value='https:\/\/formaterra.re\/index.php\/2018\/09\/'> septembre 2018 &nbsp;(8)<\/option>\n\t<option value='https:\/\/formaterra.re\/index.php\/2018\/08\/'> ao\u00fbt 2018 &nbsp;(5)<\/option>\n\t<option value='https:\/\/formaterra.re\/index.php\/2018\/07\/'> juillet 2018 &nbsp;(10)<\/option>\n\t<option value='https:\/\/formaterra.re\/index.php\/2018\/06\/'> juin 2018 &nbsp;(13)<\/option>\n\t<option value='https:\/\/formaterra.re\/index.php\/2018\/05\/'> mai 2018 &nbsp;(5)<\/option>\n\t<option value='https:\/\/formaterra.re\/index.php\/2018\/04\/'> avril 2018 &nbsp;(5)<\/option>\n\t<option value='https:\/\/formaterra.re\/index.php\/2018\/03\/'> mars 2018 &nbsp;(4)<\/option>\n\t<option value='https:\/\/formaterra.re\/index.php\/2018\/02\/'> f\u00e9vrier 2018 &nbsp;(13)<\/option>\n\t<option value='https:\/\/formaterra.re\/index.php\/2018\/01\/'> janvier 2018 &nbsp;(6)<\/option>\n\n\t\t<\/select>\n\n\t\t\t<script>\n( ( dropdownId ) => {\n\tconst dropdown = document.getElementById( dropdownId );\n\tfunction onSelectChange() {\n\t\tsetTimeout( () => {\n\t\t\tif ( 'escape' === dropdown.dataset.lastkey ) {\n\t\t\t\treturn;\n\t\t\t}\n\t\t\tif ( dropdown.value ) {\n\t\t\t\tdocument.location.href = dropdown.value;\n\t\t\t}\n\t\t}, 250 );\n\t}\n\tfunction onKeyUp( event ) {\n\t\tif ( 'Escape' === event.key ) {\n\t\t\tdropdown.dataset.lastkey = 'escape';\n\t\t} else {\n\t\t\tdelete dropdown.dataset.lastkey;\n\t\t}\n\t}\n\tfunction onClick() {\n\t\tdelete dropdown.dataset.lastkey;\n\t}\n\tdropdown.addEventListener( 'keyup', onKeyUp );\n\tdropdown.addEventListener( 'click', onClick );\n\tdropdown.addEventListener( 'change', onSelectChange );\n})( \"archives-dropdown-REPLACE_TO_ID\" );\n\n\/\/# sourceURL=WP_Widget_Archives%3A%3Awidget\n<\/script>\n\t\t<\/div>\n\t\t\t\t<\/div>\n\t\t\t\t\t<\/div>\n\t\t<\/div>\n\t\t\t\t\t<\/div>\n\t\t<\/section>\n\t\t\t\t<section class=\"elementor-section elementor-top-section elementor-element elementor-element-65103e7 elementor-section-boxed elementor-section-height-default elementor-section-height-default\" data-id=\"65103e7\" data-element_type=\"section\">\n\t\t\t\t\t\t<div class=\"elementor-container elementor-column-gap-default\">\n\t\t\t\t\t<div class=\"elementor-column elementor-col-100 elementor-top-column elementor-element elementor-element-558054c\" data-id=\"558054c\" data-element_type=\"column\">\n\t\t\t<div class=\"elementor-widget-wrap elementor-element-populated\">\n\t\t\t\t\t\t<div class=\"elementor-element elementor-element-b854bf2 elementor-widget elementor-widget-spacer\" data-id=\"b854bf2\" data-element_type=\"widget\" data-widget_type=\"spacer.default\">\n\t\t\t\t<div class=\"elementor-widget-container\">\n\t\t\t\t\t<div class=\"elementor-spacer\">\n\t\t\t<div class=\"elementor-spacer-inner\"><\/div>\n\t\t<\/div>\n\t\t\t\t<\/div>\n\t\t\t\t<\/div>\n\t\t\t\t\t<\/div>\n\t\t<\/div>\n\t\t\t\t\t<\/div>\n\t\t<\/section>\n\t\t\t\t<section class=\"elementor-section elementor-top-section elementor-element elementor-element-2d486fe elementor-section-boxed elementor-section-height-default elementor-section-height-default\" data-id=\"2d486fe\" data-element_type=\"section\">\n\t\t\t\t\t\t<div class=\"elementor-container elementor-column-gap-default\">\n\t\t\t\t\t<div class=\"elementor-column elementor-col-100 elementor-top-column elementor-element elementor-element-17cfcc5\" data-id=\"17cfcc5\" data-element_type=\"column\">\n\t\t\t<div class=\"elementor-widget-wrap elementor-element-populated\">\n\t\t\t\t\t\t<div class=\"elementor-element elementor-element-25198e3 elementor-widget elementor-widget-text-editor\" data-id=\"25198e3\" data-element_type=\"widget\" data-widget_type=\"text-editor.default\">\n\t\t\t\t<div class=\"elementor-widget-container\">\n\t\t\t\t\t\t\t<h4><em><span style=\"color: #0000ff;\"><strong>Suivez-nous sur les r\u00e9seaux sociaux\u00a0 !<\/strong><\/span><\/em><\/h4>\t\t\t\t\t\t<\/div>\n\t\t\t\t<\/div>\n\t\t\t\t\t<\/div>\n\t\t<\/div>\n\t\t\t\t\t<\/div>\n\t\t<\/section>\n\t\t\t\t<section class=\"elementor-section elementor-top-section elementor-element elementor-element-07a6d6a elementor-section-boxed elementor-section-height-default elementor-section-height-default\" data-id=\"07a6d6a\" data-element_type=\"section\">\n\t\t\t\t\t\t<div class=\"elementor-container elementor-column-gap-default\">\n\t\t\t\t\t<div class=\"elementor-column elementor-col-100 elementor-top-column elementor-element elementor-element-ae91a3b\" data-id=\"ae91a3b\" data-element_type=\"column\">\n\t\t\t<div class=\"elementor-widget-wrap elementor-element-populated\">\n\t\t\t\t\t\t<div class=\"elementor-element elementor-element-c61c00d elementor-shape-rounded elementor-grid-0 e-grid-align-center elementor-widget elementor-widget-social-icons\" data-id=\"c61c00d\" data-element_type=\"widget\" data-widget_type=\"social-icons.default\">\n\t\t\t\t<div class=\"elementor-widget-container\">\n\t\t\t\t\t<div class=\"elementor-social-icons-wrapper elementor-grid\">\n\t\t\t\t\t\t\t<span class=\"elementor-grid-item\">\n\t\t\t\t\t<a class=\"elementor-icon elementor-social-icon elementor-social-icon-facebook elementor-repeater-item-0ae523e\" href=\"https:\/\/www.facebook.com\/formaterra.re\/\" target=\"_blank\">\n\t\t\t\t\t\t<span class=\"elementor-screen-only\">Facebook<\/span>\n\t\t\t\t\t\t<i class=\"fab fa-facebook\"><\/i>\t\t\t\t\t<\/a>\n\t\t\t\t<\/span>\n\t\t\t\t\t\t\t<span class=\"elementor-grid-item\">\n\t\t\t\t\t<a class=\"elementor-icon elementor-social-icon elementor-social-icon-youtube elementor-repeater-item-0cb49a3\" href=\"https:\/\/www.youtube.com\/channel\/UCzKnt8MYHJLIRkZg_Lx6PiA\" target=\"_blank\">\n\t\t\t\t\t\t<span class=\"elementor-screen-only\">Youtube<\/span>\n\t\t\t\t\t\t<i class=\"fab fa-youtube\"><\/i>\t\t\t\t\t<\/a>\n\t\t\t\t<\/span>\n\t\t\t\t\t\t\t<span class=\"elementor-grid-item\">\n\t\t\t\t\t<a class=\"elementor-icon elementor-social-icon elementor-social-icon-instagram elementor-repeater-item-d0e4b6d\" href=\"https:\/\/www.instagram.com\/formaterra.re\/?hl=fr\" target=\"_blank\">\n\t\t\t\t\t\t<span class=\"elementor-screen-only\">Instagram<\/span>\n\t\t\t\t\t\t<i class=\"fab fa-instagram\"><\/i>\t\t\t\t\t<\/a>\n\t\t\t\t<\/span>\n\t\t\t\t\t\t\t<span class=\"elementor-grid-item\">\n\t\t\t\t\t<a class=\"elementor-icon elementor-social-icon elementor-social-icon-linkedin elementor-repeater-item-33ba1a8\" href=\"https:\/\/www.linkedin.com\/company\/eplefpa-formaterra\" target=\"_blank\">\n\t\t\t\t\t\t<span class=\"elementor-screen-only\">Linkedin<\/span>\n\t\t\t\t\t\t<i class=\"fab fa-linkedin\"><\/i>\t\t\t\t\t<\/a>\n\t\t\t\t<\/span>\n\t\t\t\t\t<\/div>\n\t\t\t\t<\/div>\n\t\t\t\t<\/div>\n\t\t\t\t\t<\/div>\n\t\t<\/div>\n\t\t\t\t\t<\/div>\n\t\t<\/section>\n\t\t\t\t<section class=\"elementor-section elementor-top-section elementor-element elementor-element-3bc22d1 elementor-section-boxed elementor-section-height-default elementor-section-height-default\" data-id=\"3bc22d1\" data-element_type=\"section\">\n\t\t\t\t\t\t<div class=\"elementor-container elementor-column-gap-default\">\n\t\t\t\t\t<div class=\"elementor-column elementor-col-100 elementor-top-column elementor-element elementor-element-b9d26ec\" data-id=\"b9d26ec\" data-element_type=\"column\">\n\t\t\t<div class=\"elementor-widget-wrap elementor-element-populated\">\n\t\t\t\t\t\t<div class=\"elementor-element elementor-element-7fedc6e elementor-widget elementor-widget-spacer\" data-id=\"7fedc6e\" data-element_type=\"widget\" data-widget_type=\"spacer.default\">\n\t\t\t\t<div class=\"elementor-widget-container\">\n\t\t\t\t\t<div class=\"elementor-spacer\">\n\t\t\t<div class=\"elementor-spacer-inner\"><\/div>\n\t\t<\/div>\n\t\t\t\t<\/div>\n\t\t\t\t<\/div>\n\t\t\t\t\t<\/div>\n\t\t<\/div>\n\t\t\t\t\t<\/div>\n\t\t<\/section>\n\t\t\t\t<\/div>\n\t\t","protected":false},"excerpt":{"rendered":"<p>Suivez-nous sur les r\u00e9seaux sociaux\u00a0 ! Facebook Youtube Instagram Linkedin<\/p>\n","protected":false},"author":1,"featured_media":0,"parent":0,"menu_order":0,"comment_status":"closed","ping_status":"closed","template":"elementor_header_footer","meta":{"footnotes":""},"class_list":["post-9159","page","type-page","status-publish","hentry"],"_links":{"self":[{"href":"https:\/\/formaterra.re\/index.php\/wp-json\/wp\/v2\/pages\/9159","targetHints":{"allow":["GET"]}}],"collection":[{"href":"https:\/\/formaterra.re\/index.php\/wp-json\/wp\/v2\/pages"}],"about":[{"href":"https:\/\/formaterra.re\/index.php\/wp-json\/wp\/v2\/types\/page"}],"author":[{"embeddable":true,"href":"https:\/\/formaterra.re\/index.php\/wp-json\/wp\/v2\/users\/1"}],"replies":[{"embeddable":true,"href":"https:\/\/formaterra.re\/index.php\/wp-json\/wp\/v2\/comments?post=9159"}],"version-history":[{"count":36,"href":"https:\/\/formaterra.re\/index.php\/wp-json\/wp\/v2\/pages\/9159\/revisions"}],"predecessor-version":[{"id":16027,"href":"https:\/\/formaterra.re\/index.php\/wp-json\/wp\/v2\/pages\/9159\/revisions\/16027"}],"wp:attachment":[{"href":"https:\/\/formaterra.re\/index.php\/wp-json\/wp\/v2\/media?parent=9159"}],"curies":[{"name":"wp","href":"https:\/\/api.w.org\/{rel}","templated":true}]}}